{"id":4323,"date":"2013-06-23T22:13:42","date_gmt":"2013-06-23T20:13:42","guid":{"rendered":"http:\/\/www.vonklopp.se\/wordpress\/?page_id=4323"},"modified":"2023-10-12T15:00:53","modified_gmt":"2023-10-12T14:00:53","slug":"om-about","status":"publish","type":"page","link":"https:\/\/www.vonklopp.se\/wordpress\/?page_id=4323","title":{"rendered":"Om \/ About"},"content":{"rendered":"\n<figure class=\"wp-block-gallery has-nested-images columns-default is-cropped wp-block-gallery-1 is-layout-flex wp-block-gallery-is-layout-flex\">\n<figure class=\"wp-block-image size-large\"><img loading=\"lazy\" decoding=\"async\" width=\"960\" height=\"720\" data-id=\"8005\" src=\"https:\/\/www.vonklopp.se\/wordpress\/wp-content\/uploads\/2023\/10\/about-2-1.jpg\" alt=\"\" class=\"wp-image-8005\" srcset=\"https:\/\/www.vonklopp.se\/wordpress\/wp-content\/uploads\/2023\/10\/about-2-1.jpg 960w, https:\/\/www.vonklopp.se\/wordpress\/wp-content\/uploads\/2023\/10\/about-2-1-800x600.jpg 800w, https:\/\/www.vonklopp.se\/wordpress\/wp-content\/uploads\/2023\/10\/about-2-1-768x576.jpg 768w\" sizes=\"auto, (max-width: 960px) 100vw, 960px\" \/><figcaption>Bl\u00e5sj\u00f6ns kraftverk, Fax\u00e4lven<\/figcaption><\/figure>\n\n\n\n<figure class=\"wp-block-image size-large\"><img loading=\"lazy\" decoding=\"async\" width=\"960\" height=\"720\" data-id=\"8004\" src=\"https:\/\/www.vonklopp.se\/wordpress\/wp-content\/uploads\/2023\/10\/about-4-1.jpg\" alt=\"\" class=\"wp-image-8004\" srcset=\"https:\/\/www.vonklopp.se\/wordpress\/wp-content\/uploads\/2023\/10\/about-4-1.jpg 960w, https:\/\/www.vonklopp.se\/wordpress\/wp-content\/uploads\/2023\/10\/about-4-1-800x600.jpg 800w, https:\/\/www.vonklopp.se\/wordpress\/wp-content\/uploads\/2023\/10\/about-4-1-768x576.jpg 768w\" sizes=\"auto, (max-width: 960px) 100vw, 960px\" \/><figcaption>Str\u00e5lskyddande d\u00f6rr &#8211; R3, \u00c5gesta<\/figcaption><\/figure>\n\n\n\n<figure class=\"wp-block-image size-large\"><img loading=\"lazy\" decoding=\"async\" width=\"960\" height=\"720\" data-id=\"8003\" src=\"https:\/\/www.vonklopp.se\/wordpress\/wp-content\/uploads\/2023\/10\/about-5.jpg\" alt=\"\" class=\"wp-image-8003\" srcset=\"https:\/\/www.vonklopp.se\/wordpress\/wp-content\/uploads\/2023\/10\/about-5.jpg 960w, https:\/\/www.vonklopp.se\/wordpress\/wp-content\/uploads\/2023\/10\/about-5-800x600.jpg 800w, https:\/\/www.vonklopp.se\/wordpress\/wp-content\/uploads\/2023\/10\/about-5-768x576.jpg 768w\" sizes=\"auto, (max-width: 960px) 100vw, 960px\" \/><figcaption>Svarth\u00e5lsforsens kraftverk<\/figcaption><\/figure>\n\n\n\n<figure class=\"wp-block-image size-large\"><img loading=\"lazy\" decoding=\"async\" width=\"960\" height=\"720\" data-id=\"8007\" src=\"https:\/\/www.vonklopp.se\/wordpress\/wp-content\/uploads\/2023\/10\/about-1.jpg\" alt=\"\" class=\"wp-image-8007\" srcset=\"https:\/\/www.vonklopp.se\/wordpress\/wp-content\/uploads\/2023\/10\/about-1.jpg 960w, https:\/\/www.vonklopp.se\/wordpress\/wp-content\/uploads\/2023\/10\/about-1-800x600.jpg 800w, https:\/\/www.vonklopp.se\/wordpress\/wp-content\/uploads\/2023\/10\/about-1-768x576.jpg 768w\" sizes=\"auto, (max-width: 960px) 100vw, 960px\" \/><figcaption>Assarebyns kvarn<\/figcaption><\/figure>\n\n\n\n<figure class=\"wp-block-image size-large\"><img loading=\"lazy\" decoding=\"async\" width=\"960\" height=\"720\" data-id=\"8006\" src=\"https:\/\/www.vonklopp.se\/wordpress\/wp-content\/uploads\/2023\/10\/about-3-1.jpg\" alt=\"\" class=\"wp-image-8006\" srcset=\"https:\/\/www.vonklopp.se\/wordpress\/wp-content\/uploads\/2023\/10\/about-3-1.jpg 960w, https:\/\/www.vonklopp.se\/wordpress\/wp-content\/uploads\/2023\/10\/about-3-1-800x600.jpg 800w, https:\/\/www.vonklopp.se\/wordpress\/wp-content\/uploads\/2023\/10\/about-3-1-768x576.jpg 768w\" sizes=\"auto, (max-width: 960px) 100vw, 960px\" \/><figcaption>M\u00f6rttj\u00e4rnbergets vindpark<\/figcaption><\/figure>\n<\/figure>\n\n\n\n<p>Jag arbetar sedan 2008 som fotograf och skribent med fokus p\u00e5 energi och infrastruktur. Mitt f\u00f6retag AB Industrifotografi erbjuder tj\u00e4nster inom teknikkommunikation, exempelvis:<\/p>\n\n\n\n<ul class=\"wp-block-list\"><li><a href=\"https:\/\/www.vonklopp.se\/wordpress\/?fluxus_portfolio=byalven\" target=\"_blank\" rel=\"noopener\">Bild <\/a>och textproduktion<\/li><li><a href=\"https:\/\/www.vonklopp.se\/images\/360demo\" target=\"_blank\" rel=\"noopener\">360-gradersbilder<\/a> och virtuella rundvandringar<\/li><li>Industrihistorisk <a href=\"https:\/\/www.vonklopp.se\/wordpress\/?p=6680\" target=\"_blank\" rel=\"noopener\">dokumentation<\/a><\/li><li>Community management<\/li><li><a href=\"https:\/\/historia.vattenfall.se\/stories\/stenungsunds-kraftverk\" target=\"_blank\" rel=\"noopener\">History marketing<\/a><br><\/li><\/ul>\n\n\n\n<p>Jag har skrivit flera <a href=\"https:\/\/www.vonklopp.se\/wordpress\/?page_id=6830\" target=\"_blank\" rel=\"noopener\">faktab\u00f6cker <\/a>om <a href=\"https:\/\/www.vonklopp.se\/wordpress\/?p=4654\" target=\"_blank\" rel=\"noopener\">elproduktion <\/a>samt en m\u00e4ngd texter som f\u00f6rklarar olika <a href=\"https:\/\/www.fortum.se\/om-oss\/nyheter\/blogg\/skillnaden-mellan-smr-och-fjarde-generationens-karnkraft\" target=\"_blank\" rel=\"noopener\">begrepp <\/a>och <a href=\"https:\/\/www.fortum.se\/om-oss\/nyheter\/blogg\/fortum-forklarar-fjarde-generationens-karnkraft\" target=\"_blank\" rel=\"noopener\">tekniker<\/a>. Ett av mina fokusomr\u00e5den \u00e4r samh\u00e4llets elektrifiering och de avtryck <a href=\"https:\/\/www.vonklopp.se\/wordpress\/?p=7576\" target=\"_blank\" rel=\"noopener\">elektrifieringen <\/a>gjort inom <a href=\"https:\/\/historia.vattenfall.se\/stories\/marviken\">teknik<\/a>&#8211; och kulturhistoria. Jag har dokumenterat arkitektur och <a href=\"https:\/\/historia.vattenfall.se\/stories\/foretaget-och-manniskorna\/ebbe-berg-vattenfalls-egen-konstnar\" target=\"_blank\" rel=\"noopener\">konst inom kraftproduktion<\/a>. Mina bilder fr\u00e5n <a href=\"https:\/\/flygvapenmuseum.se\/utstallning\/en-svensk-atombomb\/\" target=\"_blank\" rel=\"noopener\">k\u00e4rnkraftens barndom<\/a> visades i en v\u00e4lbes\u00f6kt utst\u00e4llning p\u00e5 Flygvapenmuseum 2015-2016.<\/p>\n\n\n\n<p>Om ni beh\u00f6ver hj\u00e4lp att presentera er verksamhet i text och bild st\u00e5r jag g\u00e4rna till tj\u00e4nst. F\u00f6r mer information och bokning, kontakta mig p\u00e5 telefon +46 (0)70 260 77 60 eller via email till foto&lt;at&gt;vonklopp&lt;punkt&gt;se.<\/p>\n\n\n\n<p><\/p>\n\n\n\n<p><em>I have worked as a photographer and writer specialising in energy and infrastructure since 2008. My company, AB Industrifotografi, provides services such as photography, writing, 360-degree photos, (virtual tours), documentation of industrial history, community management, and history marketing. \u00a0<\/em><\/p>\n\n\n\n<p><em>For additional information, please call +46 (0)70 260 77 60 or email photo&lt;at>vonklopp&lt;dot>se.<\/em><\/p>\n<p>Views: 219<\/p>","protected":false},"excerpt":{"rendered":"<p>Jag arbetar sedan 2008 som fotograf och skribent med fokus p\u00e5 energi och infrastruktur. Mitt f\u00f6retag AB Industrifotografi erbjuder tj\u00e4nster inom teknikkommunikation, exempelvis: Bild och textproduktion 360-gradersbilder och virtuella rundvandringar Industrihistorisk dokumentation Community management History marketing Jag har skrivit flera faktab\u00f6cker om elproduktion samt en m\u00e4ngd texter som f\u00f6rklarar olika &hellip;<\/p>\n<div class=\"wrap-excerpt-more\"><a class=\"excerpt-more\" href=\"https:\/\/www.vonklopp.se\/wordpress\/?page_id=4323\">Read more<\/a><\/div>\n","protected":false},"author":1,"featured_media":0,"parent":0,"menu_order":0,"comment_status":"closed","ping_status":"closed","template":"","meta":{"_monsterinsights_skip_tracking":false,"_monsterinsights_sitenote_active":false,"_monsterinsights_sitenote_note":"","_monsterinsights_sitenote_category":0,"_s2mail":"yes","footnotes":""},"class_list":["post-4323","page","type-page","status-publish","hentry","post--no-featured-image"],"aioseo_notices":[],"_links":{"self":[{"href":"https:\/\/www.vonklopp.se\/wordpress\/index.php?rest_route=\/wp\/v2\/pages\/4323","targetHints":{"allow":["GET"]}}],"collection":[{"href":"https:\/\/www.vonklopp.se\/wordpress\/index.php?rest_route=\/wp\/v2\/pages"}],"about":[{"href":"https:\/\/www.vonklopp.se\/wordpress\/index.php?rest_route=\/wp\/v2\/types\/page"}],"author":[{"embeddable":true,"href":"https:\/\/www.vonklopp.se\/wordpress\/index.php?rest_route=\/wp\/v2\/users\/1"}],"replies":[{"embeddable":true,"href":"https:\/\/www.vonklopp.se\/wordpress\/index.php?rest_route=%2Fwp%2Fv2%2Fcomments&post=4323"}],"version-history":[{"count":29,"href":"https:\/\/www.vonklopp.se\/wordpress\/index.php?rest_route=\/wp\/v2\/pages\/4323\/revisions"}],"predecessor-version":[{"id":8012,"href":"https:\/\/www.vonklopp.se\/wordpress\/index.php?rest_route=\/wp\/v2\/pages\/4323\/revisions\/8012"}],"wp:attachment":[{"href":"https:\/\/www.vonklopp.se\/wordpress\/index.php?rest_route=%2Fwp%2Fv2%2Fmedia&parent=4323"}],"curies":[{"name":"wp","href":"https:\/\/api.w.org\/{rel}","templated":true}]}}